{"id":10089,"date":"2021-11-22T20:31:52","date_gmt":"2021-11-22T19:31:52","guid":{"rendered":"https:\/\/hautsdewoluwe.be\/cabinet\/?page_id=10089"},"modified":"2024-03-12T17:24:24","modified_gmt":"2024-03-12T16:24:24","slug":"informations-legales","status":"publish","type":"page","link":"https:\/\/hautsdewoluwe.be\/cabinet\/informations-legales\/","title":{"rendered":"Informations l\u00e9gales"},"content":{"rendered":"<p>[et_pb_section fb_built=\u00a0\u00bb1&Prime; _builder_version=\u00a0\u00bb4.7.5&Prime; _module_preset=\u00a0\u00bbdefault\u00a0\u00bb][et_pb_row _builder_version=\u00a0\u00bb4.7.5&Prime; _module_preset=\u00a0\u00bbdefault\u00a0\u00bb][et_pb_column type=\u00a0\u00bb4_4&Prime; _builder_version=\u00a0\u00bb4.7.5&Prime; _module_preset=\u00a0\u00bbdefault\u00a0\u00bb][et_pb_text _builder_version=\u00a0\u00bb4.7.5&Prime; _module_preset=\u00a0\u00bbdefault\u00a0\u00bb custom_padding=\u00a0\u00bb||200px||false|false\u00a0\u00bb hover_enabled=\u00a0\u00bb0&Prime; sticky_enabled=\u00a0\u00bb0&Prime;]<\/p>\n<p><strong>Informations l\u00e9gales<\/strong><\/p>\n<p>Dentiste G\u00e9n\u00e9raliste Delescaille David<\/p>\n<p>N\u00b0 INAMI: 3-09030-12-001<br \/> Non-Conventionn\u00e9<\/p>\n<p>Nom de Soci\u00e9t\u00e9: DG DENTAL<br \/> N\u00b0 BCE: 0836.097.240<\/p>\n<p>Si\u00e8ge social: Avenue Paul Hymans, 51\/1 \u2013 1200 Woluwe Saint Lambert<br \/> Forme juridique: SRL<\/p>\n<p>Assurance professionnelle : N\u00b0 Contrat LXX003587 &#8211; MS Amlin Insurance SE<\/p>\n<p>Dentiste G\u00e9n\u00e9raliste Meunier Soizic<\/p>\n<p>N\u00b0 INAMI: 3-00225-87-001<br \/> Non-Conventionn\u00e9<\/p>\n<p>Nom de Soci\u00e9t\u00e9 : SMT DENTAL<br \/> N\u00b0 BCE: 0805.195.713<\/p>\n<p>Si\u00e8ge social: Avenue Guillaume Abeloos 12 \/ 3\u00a0\u2013 1200 Woluwe Saint Lambert<\/p>\n<p>Forme juridique: SRL<\/p>\n<p>Assurance professionnelle : N\u00b0 Contrat SMD86658 &#8211; AMMA assurances<\/p>\n<p>&nbsp;<\/p>\n<p><strong>Autorit\u00e9 de surveillance:<\/strong><\/p>\n<p>-Visa : SPF Sant\u00e9 publique. Place Victor Horta 40 bte 10, 1060 Bruxelles<\/p>\n<p>&#8211; Agr\u00e9ment : F\u00e9d\u00e9ration Wallonie-Bruxelles &#8211; Direction de l&rsquo;agr\u00e9ment des prestataires de soins\u00a0de sant\u00e9, rue Adolphe Lavall\u00e9e, 1 &#8211; 5\u00e8me \u00e9tage, 1080 Bruxelles<\/p>\n<p>-INAMI : Avenue de Tervuren 211, 1150 Bruxelles<\/p>\n<p>-Radioprotection : Agence f\u00e9d\u00e9rale de Contr\u00f4le nucl\u00e9aire (AFCN) : Rue Ravenstein 36, 1000 Bruxelles<\/p>\n<p><a href=\"https:\/\/hautsdewoluwe.be\/cabinet\/scanned_from_a_lexmark_multifunction_product03-12-2024-171948\/\" target=\"_blank\" rel=\"noopener noreferrer\"><strong>Tarifs\u00a0<\/strong><\/a><\/p>\n<p>&nbsp;<\/p>\n<p>[\/et_pb_text][\/et_pb_column][\/et_pb_row][\/et_pb_section]<\/p>\n","protected":false},"excerpt":{"rendered":"<p>[et_pb_section fb_built=\u00a0\u00bb1&Prime; _builder_version=\u00a0\u00bb4.7.5&Prime; _module_preset=\u00a0\u00bbdefault\u00a0\u00bb][et_pb_row _builder_version=\u00a0\u00bb4.7.5&Prime; _module_preset=\u00a0\u00bbdefault\u00a0\u00bb][et_pb_column type=\u00a0\u00bb4_4&Prime; _builder_version=\u00a0\u00bb4.7.5&Prime; _module_preset=\u00a0\u00bbdefault\u00a0\u00bb][et_pb_text _builder_version=\u00a0\u00bb4.7.5&Prime; _module_preset=\u00a0\u00bbdefault\u00a0\u00bb custom_padding=\u00a0\u00bb||200px||false|false\u00a0\u00bb hover_enabled=\u00a0\u00bb0&Prime; sticky_enabled=\u00a0\u00bb0&Prime;] Informations l\u00e9gales Dentiste G\u00e9n\u00e9raliste Delescaille David N\u00b0 INAMI: 3-09030-12-001 Non-Conventionn\u00e9 Nom de Soci\u00e9t\u00e9: DG DENTAL N\u00b0 BCE: 0836.097.240 Si\u00e8ge social: Avenue Paul Hymans, 51\/1 \u2013 1200 Woluwe Saint Lambert Forme juridique: SRL Assurance professionnelle : N\u00b0 Contrat LXX003587 &#8211; MS Amlin [&hellip;]<\/p>\n","protected":false},"author":1,"featured_media":0,"parent":0,"menu_order":0,"comment_status":"closed","ping_status":"closed","template":"","meta":{"ngg_post_thumbnail":0,"_et_pb_use_builder":"on","_et_pb_old_content":"","_et_gb_content_width":""},"yoast_head":"<!-- This site is optimized with the Yoast SEO plugin v15.5 - https:\/\/yoast.com\/wordpress\/plugins\/seo\/ -->\n<title>Informations l\u00e9gales - Les hauts de Woluwe<\/title>\n<meta name=\"robots\" content=\"index, follow, max-snippet:-1, max-image-preview:large, max-video-preview:-1\" \/>\n<link rel=\"canonical\" href=\"https:\/\/hautsdewoluwe.be\/cabinet\/informations-legales\/\" \/>\n<meta property=\"og:locale\" content=\"fr_FR\" \/>\n<meta property=\"og:type\" content=\"article\" \/>\n<meta property=\"og:title\" content=\"Informations l\u00e9gales - Les hauts de Woluwe\" \/>\n<meta property=\"og:description\" content=\"[et_pb_section fb_built=\u00a0\u00bb1&Prime; _builder_version=\u00a0\u00bb4.7.5&Prime; _module_preset=\u00a0\u00bbdefault\u00a0\u00bb][et_pb_row _builder_version=\u00a0\u00bb4.7.5&Prime; _module_preset=\u00a0\u00bbdefault\u00a0\u00bb][et_pb_column type=\u00a0\u00bb4_4&Prime; _builder_version=\u00a0\u00bb4.7.5&Prime; _module_preset=\u00a0\u00bbdefault\u00a0\u00bb][et_pb_text _builder_version=\u00a0\u00bb4.7.5&Prime; _module_preset=\u00a0\u00bbdefault\u00a0\u00bb custom_padding=\u00a0\u00bb||200px||false|false\u00a0\u00bb hover_enabled=\u00a0\u00bb0&Prime; sticky_enabled=\u00a0\u00bb0&Prime;] Informations l\u00e9gales Dentiste G\u00e9n\u00e9raliste Delescaille David N\u00b0 INAMI: 3-09030-12-001 Non-Conventionn\u00e9 Nom de Soci\u00e9t\u00e9: DG DENTAL N\u00b0 BCE: 0836.097.240 Si\u00e8ge social: Avenue Paul Hymans, 51\/1 \u2013 1200 Woluwe Saint Lambert Forme juridique: SRL Assurance professionnelle : N\u00b0 Contrat LXX003587 &#8211; MS Amlin [&hellip;]\" \/>\n<meta property=\"og:url\" content=\"https:\/\/hautsdewoluwe.be\/cabinet\/informations-legales\/\" \/>\n<meta property=\"og:site_name\" content=\"Les hauts de Woluwe\" \/>\n<meta property=\"article:modified_time\" content=\"2024-03-12T16:24:24+00:00\" \/>\n<meta name=\"twitter:card\" content=\"summary_large_image\" \/>\n<meta name=\"twitter:label1\" content=\"Dur\u00e9e de lecture est.\">\n\t<meta name=\"twitter:data1\" content=\"1 minute\">\n<script type=\"application\/ld+json\" class=\"yoast-schema-graph\">{\"@context\":\"https:\/\/schema.org\",\"@graph\":[{\"@type\":\"WebSite\",\"@id\":\"https:\/\/hautsdewoluwe.be\/cabinet\/#website\",\"url\":\"https:\/\/hautsdewoluwe.be\/cabinet\/\",\"name\":\"Les hauts de Woluwe\",\"description\":\"Dentiste - Tandarts\",\"potentialAction\":[{\"@type\":\"SearchAction\",\"target\":\"https:\/\/hautsdewoluwe.be\/cabinet\/?s={search_term_string}\",\"query-input\":\"required name=search_term_string\"}],\"inLanguage\":\"fr-BE\"},{\"@type\":\"WebPage\",\"@id\":\"https:\/\/hautsdewoluwe.be\/cabinet\/informations-legales\/#webpage\",\"url\":\"https:\/\/hautsdewoluwe.be\/cabinet\/informations-legales\/\",\"name\":\"Informations l\\u00e9gales - Les hauts de Woluwe\",\"isPartOf\":{\"@id\":\"https:\/\/hautsdewoluwe.be\/cabinet\/#website\"},\"datePublished\":\"2021-11-22T19:31:52+00:00\",\"dateModified\":\"2024-03-12T16:24:24+00:00\",\"inLanguage\":\"fr-BE\",\"potentialAction\":[{\"@type\":\"ReadAction\",\"target\":[\"https:\/\/hautsdewoluwe.be\/cabinet\/informations-legales\/\"]}]}]}<\/script>\n<!-- \/ Yoast SEO plugin. -->","_links":{"self":[{"href":"https:\/\/hautsdewoluwe.be\/cabinet\/wp-json\/wp\/v2\/pages\/10089"}],"collection":[{"href":"https:\/\/hautsdewoluwe.be\/cabinet\/wp-json\/wp\/v2\/pages"}],"about":[{"href":"https:\/\/hautsdewoluwe.be\/cabinet\/wp-json\/wp\/v2\/types\/page"}],"author":[{"embeddable":true,"href":"https:\/\/hautsdewoluwe.be\/cabinet\/wp-json\/wp\/v2\/users\/1"}],"replies":[{"embeddable":true,"href":"https:\/\/hautsdewoluwe.be\/cabinet\/wp-json\/wp\/v2\/comments?post=10089"}],"version-history":[{"count":7,"href":"https:\/\/hautsdewoluwe.be\/cabinet\/wp-json\/wp\/v2\/pages\/10089\/revisions"}],"predecessor-version":[{"id":10128,"href":"https:\/\/hautsdewoluwe.be\/cabinet\/wp-json\/wp\/v2\/pages\/10089\/revisions\/10128"}],"wp:attachment":[{"href":"https:\/\/hautsdewoluwe.be\/cabinet\/wp-json\/wp\/v2\/media?parent=10089"}],"curies":[{"name":"wp","href":"https:\/\/api.w.org\/{rel}","templated":true}]}}